{"id":5254,"date":"2025-07-01T12:49:18","date_gmt":"2025-07-01T12:49:18","guid":{"rendered":"https:\/\/diversas.com.co\/producto\/bracket-type-b2\/"},"modified":"2025-07-01T12:49:18","modified_gmt":"2025-07-01T12:49:18","slug":"bracket-type-b2","status":"publish","type":"product","link":"https:\/\/diversas.com.co\/en\/producto\/bracket-type-b2\/","title":{"rendered":"Bracket Type B2"},"content":{"rendered":"<p id=\"tw-target-text\" class=\"tw-data-text tw-text-large tw-ta\" dir=\"ltr\" data-placeholder=\"Traducci\u00f3n\" data-ved=\"2ahUKEwjo0OOL8JuOAxVVSDABHassFYUQ3ewLegQICRAV\" aria-label=\"Texto traducido: Soporte de acero inoxidable para 2 estaciones: Calidad, resistencia y dise\u00f1o funcional para sus dispensadores En Diversas S.A.S., fabricamos soportes de acero inoxidable dise\u00f1ados para brindar estabilidad, durabilidad y una presentaci\u00f3n impecable. Gracias a la resistencia natural del acero inoxidable, nuestros soportes resisten el uso constante y las exigentes condiciones de ba\u00f1os, cocinas industriales, cl\u00ednicas u hoteles sin corroerse ni perder su brillo. Su dise\u00f1o limpio y minimalista se adapta a diferentes entornos, aportando un toque moderno y profesional. Adem\u00e1s de su elegante apariencia, estos soportes son pr\u00e1cticos y f\u00e1ciles de instalar. Garantizan la correcta colocaci\u00f3n de sus dispensadores, optimizando el espacio y facilitando la dispensaci\u00f3n de productos. Son ideales para exhibir gel antibacterial, champ\u00fa, jab\u00f3n l\u00edquido o cualquier producto de aseo. Al elegir nuestros soportes, invierte en calidad y presentaci\u00f3n para sus espacios.\"><strong><span class=\"Y2IQFc\" lang=\"es\">2-Station Stainless Steel Bracket:<\/span><\/strong><\/p>\n<p class=\"tw-data-text tw-text-large tw-ta\" dir=\"ltr\" data-placeholder=\"Traducci\u00f3n\" data-ved=\"2ahUKEwjo0OOL8JuOAxVVSDABHassFYUQ3ewLegQICRAV\" aria-label=\"Texto traducido: Soporte de acero inoxidable para 2 estaciones: Calidad, resistencia y dise\u00f1o funcional para sus dispensadores En Diversas S.A.S., fabricamos soportes de acero inoxidable dise\u00f1ados para brindar estabilidad, durabilidad y una presentaci\u00f3n impecable. Gracias a la resistencia natural del acero inoxidable, nuestros soportes resisten el uso constante y las exigentes condiciones de ba\u00f1os, cocinas industriales, cl\u00ednicas u hoteles sin corroerse ni perder su brillo. Su dise\u00f1o limpio y minimalista se adapta a diferentes entornos, aportando un toque moderno y profesional. Adem\u00e1s de su elegante apariencia, estos soportes son pr\u00e1cticos y f\u00e1ciles de instalar. Garantizan la correcta colocaci\u00f3n de sus dispensadores, optimizando el espacio y facilitando la dispensaci\u00f3n de productos. Son ideales para exhibir gel antibacterial, champ\u00fa, jab\u00f3n l\u00edquido o cualquier producto de aseo. Al elegir nuestros soportes, invierte en calidad y presentaci\u00f3n para sus espacios.\"><span class=\"Y2IQFc\" lang=\"es\">Quality, strength, and functional design for your dispensers<br \/>At Diversas S.A.S., we manufacture stainless steel brackets designed to provide stability, durability, and impeccable presentation.<br \/>Thanks to the natural strength of stainless steel, our brackets withstand constant use and the demanding conditions of bathrooms, industrial kitchens, clinics, or hotels without corroding or losing their shine. Their clean, minimalist design adapts to different environments, providing a modern and professional touch.<br \/>In addition to their elegant appearance, these brackets are practical and easy to install. They ensure the correct positioning of your dispensers, optimizing space and facilitating product dispensing. They are ideal for displaying antibacterial gel, shampoo, liquid soap, or any amenity.<br \/>When you choose our brackets, you are investing in quality and presentation for your spaces.      <\/span><\/p>\n","protected":false},"excerpt":{"rendered":"<div id=\"tw-container\" class=\"nev7se\" data-cp=\"1\" data-nnttsvi=\"1\" data-ntl-fpwrite=\"true\" data-sletp=\"false\" data-sm=\"1\" data-ssbp=\"false\" data-sugg-time=\"500\" data-sugg-url=\"https:\/\/clients1.google.com\/complete\/search\" data-uilc=\"es\" data-vil=\",af,af-ZA,am,am-ET,ar-EG,ar-AE,ar-KW,ar-QA,ar,ar-IL,ar-JO,ar-LB,ar-PS,az,az-AZ,bg,bg-BG,bn,bn-BD,bn-IN,ca,ca-es,cs,cs-CZ,de,de-DE,de-CH,de-AT,de-LI,en,en-US,en-CA,en-AU,en-NZ,en-GB,en-IN,en-KE,en-TZ,en-NG,en-GH,en-PH,en-ZA,es,es-ES,es-AR,es-UY,es-419,es-BO,es-CL,es-CR,es-CO,es-DO,es-EC,es-GT,es-HN,es-NI,es-PA,es-PE,es-PR,es-PY,es-SV,es-VE,es-MX,es-US,eu,eu-ES,fi,fi-FI,fr,fr-FR,fr-CH,fr-BE,gl,gl-ES,gu,gu-IN,he,he-IL,iw,iw-IL,hu,hu-HU,hy,hy-AM,id,id-ID,is,is-IS,it,it-IT,it-CH,ja,ja-JP,jv,jv-ID,ka,ka-GE,km,km-KH,kn,kn-IN,ko,ko-KR,la,lo,lo-LA,lv,lv-LV,ml,ml-IN,mr,mr-IN,ms,ms-MY,nl,nl-NL,nb,nb-NO,ne,ne-NP,pl,pl-PL,pt,pt-BR,pt-PT,ro,ro-RO,ru,ru-RU,si-LK,sk,sk-SK,sr,sr-RS,su,su-ID,sv,sv-SE,sw,sw-TZ,sw-KE,ta,ta-IN,ta-SG,ta-LK,ta-MY,te,te-IN,tr,tr-TR,ur,ur-PK,ur-IN,yue,yue-HK,yue-Hant-HK,zh-HK,zh,zh-CN,zh-cmn,zh-cmn-CN,zh-Hans,zh-Hans-CN,zh-cmn-Hans,zh-cmn-Hans-CN,cmn-CN,cmn-Hans,cmn-Hans-CN,zh-TW,zh-Hant-TW,cmn-TW,cmn-Hant-TW,zh-cmn-TW,zh-cmn-Hant-TW,zu,zu-ZA\">\n<div>\n<div>\n<div id=\"tw-ob\" class=\"tw-src-ltr\">\n<div class=\"oSioSc\">\n<div id=\"tw-target\">\n<div id=\"kAz1tf\" class=\"g9WsWb PZPZlf\" data-attrid=\"tw-targetArea\" data-entityname=\"Google Translate\">\n<div id=\"tw-target-text-container\" class=\"tw-ta-container tw-nfl\" tabindex=\"0\" role=\"text\">\n<p id=\"tw-target-text\" class=\"tw-data-text tw-text-large tw-ta\" dir=\"ltr\" data-placeholder=\"Traducci\u00f3n\" data-ved=\"2ahUKEwjo0OOL8JuOAxVVSDABHassFYUQ3ewLegQICRAV\" aria-label=\"Texto traducido: Soportes de acero inoxidable: robustos, elegantes y perfectos para sus dispensadores. Calidad que se nota.\"><span class=\"Y2IQFc\" lang=\"es\">Stainless steel brackets: sturdy, elegant, and perfect for your dispensers. Quality that shows.<\/p>\n<p> <\/span><\/p>\n<\/div>\n<div id=\"tw-target-rmn-container\" class=\"tw-target-rmn tw-ta-container tw-nfl\" tabindex=\"0\" role=\"text\">\n<pre id=\"tw-target-rmn\" class=\"tw-data-placeholder tw-text-small tw-ta\" dir=\"ltr\" data-placeholder=\"\"><\/pre>\n<\/div>\n<div class=\"iYB33c\">\n<div id=\"tw-tmenu\" class=\"tw-menu\"><\/div>\n<\/div>\n<\/div>\n<\/div>\n<\/div>\n<\/div>\n<div id=\"tw-images\"><\/div>\n<div class=\"dURPtb\"><\/div>\n<div>\n<div><\/div>\n<\/div>\n<\/div>\n<\/div>\n<\/div>\n<div class=\"KFFQ0c xKf9F\"><\/div>\n","protected":false},"featured_media":5319,"template":"","meta":{"nf_dc_page":"","_joinchat":[]},"product_brand":[],"product_cat":[107],"product_tag":[],"class_list":{"0":"post-5254","1":"product","2":"type-product","3":"status-publish","4":"has-post-thumbnail","6":"product_cat-dispensing-stands","8":"first","9":"instock","10":"shipping-taxable","11":"product-type-simple"},"yoast_head":"<!-- This site is optimized with the Yoast SEO plugin v27.4 - https:\/\/yoast.com\/product\/yoast-seo-wordpress\/ -->\n<title>Bracket Type B2 - Diversas<\/title>\n<meta name=\"robots\" content=\"index, follow, max-snippet:-1, max-image-preview:large, max-video-preview:-1\" \/>\n<link rel=\"canonical\" href=\"https:\/\/diversas.com.co\/en\/producto\/bracket-type-b2\/\" \/>\n<meta property=\"og:locale\" content=\"en_US\" \/>\n<meta property=\"og:type\" content=\"article\" \/>\n<meta property=\"og:title\" content=\"Bracket Type B2 - Diversas\" \/>\n<meta property=\"og:description\" content=\"Stainless steel brackets: sturdy, elegant, and perfect for your dispensers. Quality that shows.\" \/>\n<meta property=\"og:url\" content=\"https:\/\/diversas.com.co\/en\/producto\/bracket-type-b2\/\" \/>\n<meta property=\"og:site_name\" content=\"Diversas\" \/>\n<meta property=\"og:image\" content=\"https:\/\/diversas.com.co\/wp-content\/uploads\/2025\/07\/SOPORTE-B2-1.webp\" \/>\n\t<meta property=\"og:image:width\" content=\"2419\" \/>\n\t<meta property=\"og:image:height\" content=\"2419\" \/>\n\t<meta property=\"og:image:type\" content=\"image\/webp\" \/>\n<meta name=\"twitter:card\" content=\"summary_large_image\" \/>\n<meta name=\"twitter:label1\" content=\"Est. reading time\" \/>\n\t<meta name=\"twitter:data1\" content=\"1 minute\" \/>\n<script type=\"application\/ld+json\" class=\"yoast-schema-graph\">{\"@context\":\"https:\\\/\\\/schema.org\",\"@graph\":[{\"@type\":\"WebPage\",\"@id\":\"https:\\\/\\\/diversas.com.co\\\/en\\\/producto\\\/bracket-type-b2\\\/\",\"url\":\"https:\\\/\\\/diversas.com.co\\\/en\\\/producto\\\/bracket-type-b2\\\/\",\"name\":\"Bracket Type B2 - Diversas\",\"isPartOf\":{\"@id\":\"https:\\\/\\\/diversas.com.co\\\/en\\\/#website\"},\"primaryImageOfPage\":{\"@id\":\"https:\\\/\\\/diversas.com.co\\\/en\\\/producto\\\/bracket-type-b2\\\/#primaryimage\"},\"image\":{\"@id\":\"https:\\\/\\\/diversas.com.co\\\/en\\\/producto\\\/bracket-type-b2\\\/#primaryimage\"},\"thumbnailUrl\":\"https:\\\/\\\/diversas.com.co\\\/wp-content\\\/uploads\\\/2025\\\/07\\\/Soporte-tipo-B2.webp\",\"datePublished\":\"2025-07-01T12:49:18+00:00\",\"breadcrumb\":{\"@id\":\"https:\\\/\\\/diversas.com.co\\\/en\\\/producto\\\/bracket-type-b2\\\/#breadcrumb\"},\"inLanguage\":\"en-US\",\"potentialAction\":[{\"@type\":\"ReadAction\",\"target\":[\"https:\\\/\\\/diversas.com.co\\\/en\\\/producto\\\/bracket-type-b2\\\/\"]}]},{\"@type\":\"ImageObject\",\"inLanguage\":\"en-US\",\"@id\":\"https:\\\/\\\/diversas.com.co\\\/en\\\/producto\\\/bracket-type-b2\\\/#primaryimage\",\"url\":\"https:\\\/\\\/diversas.com.co\\\/wp-content\\\/uploads\\\/2025\\\/07\\\/Soporte-tipo-B2.webp\",\"contentUrl\":\"https:\\\/\\\/diversas.com.co\\\/wp-content\\\/uploads\\\/2025\\\/07\\\/Soporte-tipo-B2.webp\",\"width\":1024,\"height\":1024},{\"@type\":\"BreadcrumbList\",\"@id\":\"https:\\\/\\\/diversas.com.co\\\/en\\\/producto\\\/bracket-type-b2\\\/#breadcrumb\",\"itemListElement\":[{\"@type\":\"ListItem\",\"position\":1,\"name\":\"Home\",\"item\":\"https:\\\/\\\/diversas.com.co\\\/en\\\/home\\\/\"},{\"@type\":\"ListItem\",\"position\":2,\"name\":\"Shop\",\"item\":\"https:\\\/\\\/diversas.com.co\\\/tienda\\\/\"},{\"@type\":\"ListItem\",\"position\":3,\"name\":\"Bracket Type B2\"}]},{\"@type\":\"WebSite\",\"@id\":\"https:\\\/\\\/diversas.com.co\\\/en\\\/#website\",\"url\":\"https:\\\/\\\/diversas.com.co\\\/en\\\/\",\"name\":\"Diversas\",\"description\":\"\",\"potentialAction\":[{\"@type\":\"SearchAction\",\"target\":{\"@type\":\"EntryPoint\",\"urlTemplate\":\"https:\\\/\\\/diversas.com.co\\\/en\\\/?s={search_term_string}\"},\"query-input\":{\"@type\":\"PropertyValueSpecification\",\"valueRequired\":true,\"valueName\":\"search_term_string\"}}],\"inLanguage\":\"en-US\"}]}<\/script>\n<!-- \/ Yoast SEO plugin. -->","yoast_head_json":{"title":"Bracket Type B2 - Diversas","robots":{"index":"index","follow":"follow","max-snippet":"max-snippet:-1","max-image-preview":"max-image-preview:large","max-video-preview":"max-video-preview:-1"},"canonical":"https:\/\/diversas.com.co\/en\/producto\/bracket-type-b2\/","og_locale":"en_US","og_type":"article","og_title":"Bracket Type B2 - Diversas","og_description":"Stainless steel brackets: sturdy, elegant, and perfect for your dispensers. Quality that shows.","og_url":"https:\/\/diversas.com.co\/en\/producto\/bracket-type-b2\/","og_site_name":"Diversas","og_image":[{"width":2419,"height":2419,"url":"https:\/\/diversas.com.co\/wp-content\/uploads\/2025\/07\/SOPORTE-B2-1.webp","type":"image\/webp"}],"twitter_card":"summary_large_image","twitter_misc":{"Est. reading time":"1 minute"},"schema":{"@context":"https:\/\/schema.org","@graph":[{"@type":"WebPage","@id":"https:\/\/diversas.com.co\/en\/producto\/bracket-type-b2\/","url":"https:\/\/diversas.com.co\/en\/producto\/bracket-type-b2\/","name":"Bracket Type B2 - Diversas","isPartOf":{"@id":"https:\/\/diversas.com.co\/en\/#website"},"primaryImageOfPage":{"@id":"https:\/\/diversas.com.co\/en\/producto\/bracket-type-b2\/#primaryimage"},"image":{"@id":"https:\/\/diversas.com.co\/en\/producto\/bracket-type-b2\/#primaryimage"},"thumbnailUrl":"https:\/\/diversas.com.co\/wp-content\/uploads\/2025\/07\/Soporte-tipo-B2.webp","datePublished":"2025-07-01T12:49:18+00:00","breadcrumb":{"@id":"https:\/\/diversas.com.co\/en\/producto\/bracket-type-b2\/#breadcrumb"},"inLanguage":"en-US","potentialAction":[{"@type":"ReadAction","target":["https:\/\/diversas.com.co\/en\/producto\/bracket-type-b2\/"]}]},{"@type":"ImageObject","inLanguage":"en-US","@id":"https:\/\/diversas.com.co\/en\/producto\/bracket-type-b2\/#primaryimage","url":"https:\/\/diversas.com.co\/wp-content\/uploads\/2025\/07\/Soporte-tipo-B2.webp","contentUrl":"https:\/\/diversas.com.co\/wp-content\/uploads\/2025\/07\/Soporte-tipo-B2.webp","width":1024,"height":1024},{"@type":"BreadcrumbList","@id":"https:\/\/diversas.com.co\/en\/producto\/bracket-type-b2\/#breadcrumb","itemListElement":[{"@type":"ListItem","position":1,"name":"Home","item":"https:\/\/diversas.com.co\/en\/home\/"},{"@type":"ListItem","position":2,"name":"Shop","item":"https:\/\/diversas.com.co\/tienda\/"},{"@type":"ListItem","position":3,"name":"Bracket Type B2"}]},{"@type":"WebSite","@id":"https:\/\/diversas.com.co\/en\/#website","url":"https:\/\/diversas.com.co\/en\/","name":"Diversas","description":"","potentialAction":[{"@type":"SearchAction","target":{"@type":"EntryPoint","urlTemplate":"https:\/\/diversas.com.co\/en\/?s={search_term_string}"},"query-input":{"@type":"PropertyValueSpecification","valueRequired":true,"valueName":"search_term_string"}}],"inLanguage":"en-US"}]}},"_links":{"self":[{"href":"https:\/\/diversas.com.co\/en\/wp-json\/wp\/v2\/product\/5254","targetHints":{"allow":["GET"]}}],"collection":[{"href":"https:\/\/diversas.com.co\/en\/wp-json\/wp\/v2\/product"}],"about":[{"href":"https:\/\/diversas.com.co\/en\/wp-json\/wp\/v2\/types\/product"}],"version-history":[{"count":0,"href":"https:\/\/diversas.com.co\/en\/wp-json\/wp\/v2\/product\/5254\/revisions"}],"wp:featuredmedia":[{"embeddable":true,"href":"https:\/\/diversas.com.co\/en\/wp-json\/wp\/v2\/media\/5319"}],"wp:attachment":[{"href":"https:\/\/diversas.com.co\/en\/wp-json\/wp\/v2\/media?parent=5254"}],"wp:term":[{"taxonomy":"product_brand","embeddable":true,"href":"https:\/\/diversas.com.co\/en\/wp-json\/wp\/v2\/product_brand?post=5254"},{"taxonomy":"product_cat","embeddable":true,"href":"https:\/\/diversas.com.co\/en\/wp-json\/wp\/v2\/product_cat?post=5254"},{"taxonomy":"product_tag","embeddable":true,"href":"https:\/\/diversas.com.co\/en\/wp-json\/wp\/v2\/product_tag?post=5254"}],"curies":[{"name":"wp","href":"https:\/\/api.w.org\/{rel}","templated":true}]}}