{"id":4417,"date":"2025-05-27T19:26:41","date_gmt":"2025-05-27T19:26:41","guid":{"rendered":"https:\/\/diversas.com.co\/?post_type=product&#038;p=4417"},"modified":"2025-06-13T15:03:10","modified_gmt":"2025-06-13T15:03:10","slug":"tropical-kits","status":"publish","type":"product","link":"https:\/\/diversas.com.co\/en\/producto\/tropical-kits\/","title":{"rendered":"Tropical Kits"},"content":{"rendered":"<p data-start=\"176\" data-end=\"280\"><strong data-start=\"176\" data-end=\"280\">Soluciones personalizadas para restaurantes y bares: calidad, estilo y funcionalidad en cada detalle<\/strong><\/p>\n<p data-start=\"282\" data-end=\"608\">Eleva la identidad y presentaci\u00f3n de tu establecimiento con nuestra <strong data-start=\"350\" data-end=\"408\">exclusiva l\u00ednea de productos para restaurantes y bares<\/strong>, pensada para aportar valor desde el primer contacto con el cliente. Ofrecemos una selecci\u00f3n cuidadosamente dise\u00f1ada de elementos esenciales que combinan <strong data-start=\"563\" data-end=\"607\">calidad, funcionalidad y personalizaci\u00f3n<\/strong>.<\/p>\n<p data-start=\"610\" data-end=\"965\">Desde <strong data-start=\"616\" data-end=\"658\">agitadores, portavasos y servilleteros<\/strong> hasta <strong data-start=\"665\" data-end=\"723\">gorros de chef, delantales y accesorios especializados<\/strong>, cada producto puede adaptarse a la imagen de tu marca, reforzando la est\u00e9tica y coherencia de tu servicio. Ya sea para bares modernos, restaurantes elegantes o espacios tem\u00e1ticos, en Diversas S.A.S. encontrar\u00e1s soluciones que hablan por ti.<\/p>\n<p data-start=\"967\" data-end=\"1107\">Creamos art\u00edculos \u00fatiles y distintivos, pensados para mejorar la experiencia del cliente y destacar los valores de tu marca en cada detalle.<\/p>\n","protected":false},"excerpt":{"rendered":"<pre id=\"tw-target-text\" class=\"tw-data-text tw-text-large tw-ta\" dir=\"ltr\" data-placeholder=\"Traducci\u00f3n\" data-ved=\"2ahUKEwjCiIaE0u6NAxVRRjABHb7kFx0Q3ewLegQICRAV\" aria-label=\"Texto traducido: Customized solutions for restaurants and bars: quality, style, and functionality in every detail\r\n\r\nElevate your establishment's identity and presentation with our exclusive line of products for restaurants and bars, designed to add value from the first customer contact. We offer a carefully curated selection of essential items that combine quality, functionality, and customization.\r\n\r\nFrom stirrers, coasters, and napkin rings to chef hats, aprons, and specialized accessories, each product can be tailored to your brand image, reinforcing the aesthetics and consistency of your service. Whether for modern bars, elegant restaurants, or themed spaces, at Diversas S.A.S. you'll find solutions that speak for you.\r\n\r\nWe create useful and distinctive items designed to enhance the customer experience and highlight your brand values \u200b\u200bin every detail.\r\n\r\nMake your brand felt at every table. Customized and functional products for restaurants and bars.\"><span class=\"Y2IQFc\" lang=\"en\">Make your brand felt at every table. Customized and functional products for restaurants and bars.<\/span><\/pre>\n","protected":false},"featured_media":5291,"template":"","meta":{"nf_dc_page":"","_joinchat":[]},"product_brand":[],"product_cat":[116],"product_tag":[],"class_list":{"0":"post-4417","1":"product","2":"type-product","3":"status-publish","4":"has-post-thumbnail","6":"product_cat-restaurant-and-bar","8":"first","9":"instock","10":"shipping-taxable","11":"product-type-simple"},"yoast_head":"<!-- This site is optimized with the Yoast SEO plugin v27.4 - https:\/\/yoast.com\/product\/yoast-seo-wordpress\/ -->\n<title>Tropical Kits - Diversas<\/title>\n<meta name=\"robots\" content=\"index, follow, max-snippet:-1, max-image-preview:large, max-video-preview:-1\" \/>\n<link rel=\"canonical\" href=\"https:\/\/diversas.com.co\/en\/producto\/tropical-kits\/\" \/>\n<meta property=\"og:locale\" content=\"en_US\" \/>\n<meta property=\"og:type\" content=\"article\" \/>\n<meta property=\"og:title\" content=\"Tropical Kits - Diversas\" \/>\n<meta property=\"og:description\" content=\"Make your brand felt at every table. Customized and functional products for restaurants and bars.\" \/>\n<meta property=\"og:url\" content=\"https:\/\/diversas.com.co\/en\/producto\/tropical-kits\/\" \/>\n<meta property=\"og:site_name\" content=\"Diversas\" \/>\n<meta property=\"article:modified_time\" content=\"2025-06-13T15:03:10+00:00\" \/>\n<meta property=\"og:image\" content=\"https:\/\/diversas.com.co\/wp-content\/uploads\/2025\/04\/TROPICAL-PICKS.jpg\" \/>\n\t<meta property=\"og:image:width\" content=\"1080\" \/>\n\t<meta property=\"og:image:height\" content=\"1080\" \/>\n\t<meta property=\"og:image:type\" content=\"image\/jpeg\" \/>\n<meta name=\"twitter:card\" content=\"summary_large_image\" \/>\n<meta name=\"twitter:label1\" content=\"Est. reading time\" \/>\n\t<meta name=\"twitter:data1\" content=\"1 minute\" \/>\n<script type=\"application\/ld+json\" class=\"yoast-schema-graph\">{\"@context\":\"https:\\\/\\\/schema.org\",\"@graph\":[{\"@type\":\"WebPage\",\"@id\":\"https:\\\/\\\/diversas.com.co\\\/en\\\/producto\\\/tropical-kits\\\/\",\"url\":\"https:\\\/\\\/diversas.com.co\\\/en\\\/producto\\\/tropical-kits\\\/\",\"name\":\"Tropical Kits - Diversas\",\"isPartOf\":{\"@id\":\"https:\\\/\\\/diversas.com.co\\\/en\\\/#website\"},\"primaryImageOfPage\":{\"@id\":\"https:\\\/\\\/diversas.com.co\\\/en\\\/producto\\\/tropical-kits\\\/#primaryimage\"},\"image\":{\"@id\":\"https:\\\/\\\/diversas.com.co\\\/en\\\/producto\\\/tropical-kits\\\/#primaryimage\"},\"thumbnailUrl\":\"https:\\\/\\\/diversas.com.co\\\/wp-content\\\/uploads\\\/2025\\\/05\\\/DECORATIVOS-VASOS.webp\",\"datePublished\":\"2025-05-27T19:26:41+00:00\",\"dateModified\":\"2025-06-13T15:03:10+00:00\",\"breadcrumb\":{\"@id\":\"https:\\\/\\\/diversas.com.co\\\/en\\\/producto\\\/tropical-kits\\\/#breadcrumb\"},\"inLanguage\":\"en-US\",\"potentialAction\":[{\"@type\":\"ReadAction\",\"target\":[\"https:\\\/\\\/diversas.com.co\\\/en\\\/producto\\\/tropical-kits\\\/\"]}]},{\"@type\":\"ImageObject\",\"inLanguage\":\"en-US\",\"@id\":\"https:\\\/\\\/diversas.com.co\\\/en\\\/producto\\\/tropical-kits\\\/#primaryimage\",\"url\":\"https:\\\/\\\/diversas.com.co\\\/wp-content\\\/uploads\\\/2025\\\/05\\\/DECORATIVOS-VASOS.webp\",\"contentUrl\":\"https:\\\/\\\/diversas.com.co\\\/wp-content\\\/uploads\\\/2025\\\/05\\\/DECORATIVOS-VASOS.webp\",\"width\":2048,\"height\":2048},{\"@type\":\"BreadcrumbList\",\"@id\":\"https:\\\/\\\/diversas.com.co\\\/en\\\/producto\\\/tropical-kits\\\/#breadcrumb\",\"itemListElement\":[{\"@type\":\"ListItem\",\"position\":1,\"name\":\"Home\",\"item\":\"https:\\\/\\\/diversas.com.co\\\/en\\\/home\\\/\"},{\"@type\":\"ListItem\",\"position\":2,\"name\":\"Shop\",\"item\":\"https:\\\/\\\/diversas.com.co\\\/tienda\\\/\"},{\"@type\":\"ListItem\",\"position\":3,\"name\":\"Tropical Kits\"}]},{\"@type\":\"WebSite\",\"@id\":\"https:\\\/\\\/diversas.com.co\\\/en\\\/#website\",\"url\":\"https:\\\/\\\/diversas.com.co\\\/en\\\/\",\"name\":\"Diversas\",\"description\":\"\",\"potentialAction\":[{\"@type\":\"SearchAction\",\"target\":{\"@type\":\"EntryPoint\",\"urlTemplate\":\"https:\\\/\\\/diversas.com.co\\\/en\\\/?s={search_term_string}\"},\"query-input\":{\"@type\":\"PropertyValueSpecification\",\"valueRequired\":true,\"valueName\":\"search_term_string\"}}],\"inLanguage\":\"en-US\"}]}<\/script>\n<!-- \/ Yoast SEO plugin. -->","yoast_head_json":{"title":"Tropical Kits - Diversas","robots":{"index":"index","follow":"follow","max-snippet":"max-snippet:-1","max-image-preview":"max-image-preview:large","max-video-preview":"max-video-preview:-1"},"canonical":"https:\/\/diversas.com.co\/en\/producto\/tropical-kits\/","og_locale":"en_US","og_type":"article","og_title":"Tropical Kits - Diversas","og_description":"Make your brand felt at every table. Customized and functional products for restaurants and bars.","og_url":"https:\/\/diversas.com.co\/en\/producto\/tropical-kits\/","og_site_name":"Diversas","article_modified_time":"2025-06-13T15:03:10+00:00","og_image":[{"width":1080,"height":1080,"url":"https:\/\/diversas.com.co\/wp-content\/uploads\/2025\/04\/TROPICAL-PICKS.jpg","type":"image\/jpeg"}],"twitter_card":"summary_large_image","twitter_misc":{"Est. reading time":"1 minute"},"schema":{"@context":"https:\/\/schema.org","@graph":[{"@type":"WebPage","@id":"https:\/\/diversas.com.co\/en\/producto\/tropical-kits\/","url":"https:\/\/diversas.com.co\/en\/producto\/tropical-kits\/","name":"Tropical Kits - Diversas","isPartOf":{"@id":"https:\/\/diversas.com.co\/en\/#website"},"primaryImageOfPage":{"@id":"https:\/\/diversas.com.co\/en\/producto\/tropical-kits\/#primaryimage"},"image":{"@id":"https:\/\/diversas.com.co\/en\/producto\/tropical-kits\/#primaryimage"},"thumbnailUrl":"https:\/\/diversas.com.co\/wp-content\/uploads\/2025\/05\/DECORATIVOS-VASOS.webp","datePublished":"2025-05-27T19:26:41+00:00","dateModified":"2025-06-13T15:03:10+00:00","breadcrumb":{"@id":"https:\/\/diversas.com.co\/en\/producto\/tropical-kits\/#breadcrumb"},"inLanguage":"en-US","potentialAction":[{"@type":"ReadAction","target":["https:\/\/diversas.com.co\/en\/producto\/tropical-kits\/"]}]},{"@type":"ImageObject","inLanguage":"en-US","@id":"https:\/\/diversas.com.co\/en\/producto\/tropical-kits\/#primaryimage","url":"https:\/\/diversas.com.co\/wp-content\/uploads\/2025\/05\/DECORATIVOS-VASOS.webp","contentUrl":"https:\/\/diversas.com.co\/wp-content\/uploads\/2025\/05\/DECORATIVOS-VASOS.webp","width":2048,"height":2048},{"@type":"BreadcrumbList","@id":"https:\/\/diversas.com.co\/en\/producto\/tropical-kits\/#breadcrumb","itemListElement":[{"@type":"ListItem","position":1,"name":"Home","item":"https:\/\/diversas.com.co\/en\/home\/"},{"@type":"ListItem","position":2,"name":"Shop","item":"https:\/\/diversas.com.co\/tienda\/"},{"@type":"ListItem","position":3,"name":"Tropical Kits"}]},{"@type":"WebSite","@id":"https:\/\/diversas.com.co\/en\/#website","url":"https:\/\/diversas.com.co\/en\/","name":"Diversas","description":"","potentialAction":[{"@type":"SearchAction","target":{"@type":"EntryPoint","urlTemplate":"https:\/\/diversas.com.co\/en\/?s={search_term_string}"},"query-input":{"@type":"PropertyValueSpecification","valueRequired":true,"valueName":"search_term_string"}}],"inLanguage":"en-US"}]}},"_links":{"self":[{"href":"https:\/\/diversas.com.co\/en\/wp-json\/wp\/v2\/product\/4417","targetHints":{"allow":["GET"]}}],"collection":[{"href":"https:\/\/diversas.com.co\/en\/wp-json\/wp\/v2\/product"}],"about":[{"href":"https:\/\/diversas.com.co\/en\/wp-json\/wp\/v2\/types\/product"}],"version-history":[{"count":3,"href":"https:\/\/diversas.com.co\/en\/wp-json\/wp\/v2\/product\/4417\/revisions"}],"predecessor-version":[{"id":5227,"href":"https:\/\/diversas.com.co\/en\/wp-json\/wp\/v2\/product\/4417\/revisions\/5227"}],"wp:featuredmedia":[{"embeddable":true,"href":"https:\/\/diversas.com.co\/en\/wp-json\/wp\/v2\/media\/5291"}],"wp:attachment":[{"href":"https:\/\/diversas.com.co\/en\/wp-json\/wp\/v2\/media?parent=4417"}],"wp:term":[{"taxonomy":"product_brand","embeddable":true,"href":"https:\/\/diversas.com.co\/en\/wp-json\/wp\/v2\/product_brand?post=4417"},{"taxonomy":"product_cat","embeddable":true,"href":"https:\/\/diversas.com.co\/en\/wp-json\/wp\/v2\/product_cat?post=4417"},{"taxonomy":"product_tag","embeddable":true,"href":"https:\/\/diversas.com.co\/en\/wp-json\/wp\/v2\/product_tag?post=4417"}],"curies":[{"name":"wp","href":"https:\/\/api.w.org\/{rel}","templated":true}]}}